{"id":28059,"date":"2018-07-19T14:07:23","date_gmt":"2018-07-19T13:07:23","guid":{"rendered":"https:\/\/thebestfetishsites.com\/asian-porn-sites\/"},"modified":"2019-09-27T15:35:47","modified_gmt":"2019-09-27T14:35:47","slug":"asian-porn-sites","status":"publish","type":"page","link":"https:\/\/thebestfetishsites.com\/de\/asian-porn-sites\/","title":{"rendered":"Asian Porn Sites"},"content":{"rendered":"<p>Asiatische Porno-Webseiten sind sehr originell, charmant und s\u00fc\u00df. Die Art, wie diese Frauen ficken, wird dich \u00fcberw\u00e4ltigen und du wirst garantiert so richtig abgehen. Die Liste der asiatischen Porno-Webseiten ist sehr lang und sie bieten in der Regel die besten und hochwertigsten Videos, die es im Internet gibt, allerdings sind sie auch daf\u00fcr bekannt, manche Szenen zu zensieren, was das Vergn\u00fcgen doch etwas einschr\u00e4nken kann.<\/p>\n<p>&nbsp;<\/p>\n<p>Du findest auf diesen asiatischen Porno-Webseiten alles, ob Fu\u00dffetisch, Meister\/Sklave, Domination oder BDSM. Was auch immer dein Ding ist, in diesem Genre wirst du es finden. Worauf wartest du noch? Viel Spa\u00df!<\/p>\n","protected":false},"excerpt":{"rendered":"<p>Asiatische Porno-Webseiten sind sehr originell, charmant und s\u00fc\u00df. Die Art, wie diese Frauen ficken, wird dich \u00fcberw\u00e4ltigen und du wirst garantiert so richtig abgehen. Die Liste der asiatischen Porno-Webseiten ist sehr lang und sie bieten in der Regel die besten und hochwertigsten Videos, die es im Internet gibt, allerdings sind sie auch daf\u00fcr bekannt, manche <a href='https:\/\/thebestfetishsites.com\/de\/asian-porn-sites\/' class='excerpt-more'>[&#8230;]<\/a><\/p>\n","protected":false},"author":2,"featured_media":0,"parent":0,"menu_order":23763,"comment_status":"closed","ping_status":"open","template":"newcategory-template.php","meta":{"_acf_changed":false,"_searchwp_excluded":"","footnotes":""},"class_list":["post-28059","page","type-page","status-publish","hentry","post-seq-1","post-parity-odd","meta-position-corners","fix"],"acf":[],"aioseo_notices":[],"_links":{"self":[{"href":"https:\/\/thebestfetishsites.com\/de\/wp-json\/wp\/v2\/pages\/28059","targetHints":{"allow":["GET"]}}],"collection":[{"href":"https:\/\/thebestfetishsites.com\/de\/wp-json\/wp\/v2\/pages"}],"about":[{"href":"https:\/\/thebestfetishsites.com\/de\/wp-json\/wp\/v2\/types\/page"}],"author":[{"embeddable":true,"href":"https:\/\/thebestfetishsites.com\/de\/wp-json\/wp\/v2\/users\/2"}],"replies":[{"embeddable":true,"href":"https:\/\/thebestfetishsites.com\/de\/wp-json\/wp\/v2\/comments?post=28059"}],"version-history":[{"count":0,"href":"https:\/\/thebestfetishsites.com\/de\/wp-json\/wp\/v2\/pages\/28059\/revisions"}],"wp:attachment":[{"href":"https:\/\/thebestfetishsites.com\/de\/wp-json\/wp\/v2\/media?parent=28059"}],"curies":[{"name":"wp","href":"https:\/\/api.w.org\/{rel}","templated":true}]}}